{"id":2756,"date":"2025-11-27T23:31:03","date_gmt":"2025-11-27T22:31:03","guid":{"rendered":"https:\/\/www.biogatrana.com\/?page_id=2756"},"modified":"2025-12-17T00:24:09","modified_gmt":"2025-12-16T23:24:09","slug":"a-propos","status":"publish","type":"page","link":"https:\/\/www.biogatrana.com\/en\/a-propos\/","title":{"rendered":"A Propos"},"content":{"rendered":"<div data-elementor-type=\"wp-page\" data-elementor-id=\"2756\" class=\"elementor elementor-2756\">\n\t\t\t\t<div class=\"elementor-element elementor-element-2c13739 e-con-full e-flex e-con e-parent\" data-id=\"2c13739\" data-element_type=\"container\">\n\t\t\t\t<div class=\"elementor-element elementor-element-7459a21 elementor-invisible elementor-widget elementor-widget-rt-title-with-text\" data-id=\"7459a21\" data-element_type=\"widget\" data-widget_type=\"rt-title-with-text.default\">\n\t\t\t\t<div class=\"elementor-widget-container\">\n\t\t\t\t\t<div class=\"rt-title-text has-animation\">\n\t\t\t<div class=\"entry-subtitle hide fadeInUp\" data-wow-delay=\"0.2s\" data-wow-duration=\"1.2s\">Who We Are<\/div>\n\t\t\t\t<h2 class=\"entry-title hide fadeInUp\" data-wow-delay=\"0.4s\" data-wow-duration=\"1.2s\">A Propos <\/h2>\t\t\n\t\t\n\t<div class=\"entry-content hide fadeInUp\" data-wow-delay=\"0.6s\" data-wow-duration=\"1.2s\"><p><img decoding=\"async\" class=\"alignnone size-medium wp-image-2737 aligncenter\" src=\"https:\/\/www.biogatrana.com\/wp-content\/uploads\/2025\/11\/bg-e1181dc9-072c-4265-9254-f898b2e876c4-300x98.png\" alt=\"\" width=\"300\" height=\"98\" srcset=\"https:\/\/www.biogatrana.com\/wp-content\/uploads\/2025\/11\/bg-e1181dc9-072c-4265-9254-f898b2e876c4-300x98.png 300w, https:\/\/www.biogatrana.com\/wp-content\/uploads\/2025\/11\/bg-e1181dc9-072c-4265-9254-f898b2e876c4-1024x334.png 1024w, https:\/\/www.biogatrana.com\/wp-content\/uploads\/2025\/11\/bg-e1181dc9-072c-4265-9254-f898b2e876c4-768x250.png 768w, https:\/\/www.biogatrana.com\/wp-content\/uploads\/2025\/11\/bg-e1181dc9-072c-4265-9254-f898b2e876c4-600x196.png 600w, https:\/\/www.biogatrana.com\/wp-content\/uploads\/2025\/11\/bg-e1181dc9-072c-4265-9254-f898b2e876c4.png 1205w\" sizes=\"(max-width: 300px) 100vw, 300px\" \/><\/p><p style=\"text-align: left\">Le Laboratoire Bio Gatrana porte une vision profonde : rendre la sant\u00e9 naturelle accessible, fiable et fond\u00e9e sur la science. Inspir\u00e9es par la phytoth\u00e9rapie et nourries par les avanc\u00e9es scientifiques actuelles, nos formules sont cr\u00e9\u00e9es pour accompagner le corps de mani\u00e8re s\u00fbre, efficace et harmonieuse.<\/p><p style=\"text-align: left\">Nos produits sont fabriqu\u00e9s dans des unit\u00e9s certifi\u00e9es selon les normes internationales les plus strictes :<br \/>\u2022 FSSC 22000, r\u00e9f\u00e9rence mondiale en s\u00e9curit\u00e9 sanitaire,<br \/>\u2022 ISO 22000, garantissant un contr\u00f4le rigoureux de la qualit\u00e9 tout au long du processus.<\/p><p style=\"text-align: left\">Chez Bio Gatrana, nous unissons nature et science pour soutenir un bien-\u00eatre authentique\u00a0et\u00a0durable.<\/p><\/div>\n\n\t<\/div>\t\t\t\t<\/div>\n\t\t\t\t<\/div>\n\t\t\t\t<\/div>\n\t\t\t\t<\/div>\n\t\t\n    <div class=\"xs_social_share_widget xs_share_url after_content \t\tmain_content  wslu-style-1 wslu-share-box-shaped wslu-fill-colored wslu-none wslu-share-horizontal wslu-theme-font-no wslu-main_content\">\n\n\t\t\n        <ul>\n\t\t\t        <\/ul>\n    <\/div>","protected":false},"excerpt":{"rendered":"<p>Who We Are A Propos Le Laboratoire Bio Gatrana porte une vision profonde : rendre la sant\u00e9 naturelle accessible, fiable et fond\u00e9e sur la science. Inspir\u00e9es par la phytoth\u00e9rapie et nourries par les avanc\u00e9es scientifiques actuelles, nos formules sont cr\u00e9\u00e9es pour accompagner le corps de mani\u00e8re s\u00fbre, efficace et harmonieuse. Nos produits sont fabriqu\u00e9s dans [&hellip;]<\/p>","protected":false},"author":1,"featured_media":0,"parent":0,"menu_order":0,"comment_status":"closed","ping_status":"closed","template":"","meta":{"om_disable_all_campaigns":false,"_monsterinsights_skip_tracking":false,"_monsterinsights_sitenote_active":false,"_monsterinsights_sitenote_note":"","_monsterinsights_sitenote_category":0,"postBodyCss":"","postBodyMargin":[],"postBodyPadding":[],"postBodyBackground":{"backgroundType":"classic","gradient":""},"_themeisle_gutenberg_block_has_review":false,"footnotes":""},"class_list":["post-2756","page","type-page","status-publish","hentry"],"aioseo_notices":[],"_links":{"self":[{"href":"https:\/\/www.biogatrana.com\/en\/wp-json\/wp\/v2\/pages\/2756","targetHints":{"allow":["GET"]}}],"collection":[{"href":"https:\/\/www.biogatrana.com\/en\/wp-json\/wp\/v2\/pages"}],"about":[{"href":"https:\/\/www.biogatrana.com\/en\/wp-json\/wp\/v2\/types\/page"}],"author":[{"embeddable":true,"href":"https:\/\/www.biogatrana.com\/en\/wp-json\/wp\/v2\/users\/1"}],"replies":[{"embeddable":true,"href":"https:\/\/www.biogatrana.com\/en\/wp-json\/wp\/v2\/comments?post=2756"}],"version-history":[{"count":13,"href":"https:\/\/www.biogatrana.com\/en\/wp-json\/wp\/v2\/pages\/2756\/revisions"}],"predecessor-version":[{"id":4144,"href":"https:\/\/www.biogatrana.com\/en\/wp-json\/wp\/v2\/pages\/2756\/revisions\/4144"}],"wp:attachment":[{"href":"https:\/\/www.biogatrana.com\/en\/wp-json\/wp\/v2\/media?parent=2756"}],"curies":[{"name":"wp","href":"https:\/\/api.w.org\/{rel}","templated":true}]}}