{"id":3974,"date":"2025-12-12T23:55:51","date_gmt":"2025-12-12T22:55:51","guid":{"rendered":"https:\/\/www.biogatrana.com\/?page_id=3974"},"modified":"2025-12-12T23:55:51","modified_gmt":"2025-12-12T22:55:51","slug":"conditions-dutilisation","status":"publish","type":"page","link":"https:\/\/www.biogatrana.com\/en\/conditions-dutilisation\/","title":{"rendered":"Conditions d&rsquo;utilisation"},"content":{"rendered":"<header class=\"header-wrapper relative shadow-none\" data-v-fb8a8403=\"\">\n<div class=\"header-top bg-[var(--header-top-bg)]\" data-v-fb8a8403=\"\" data-v-f6c4fcd7=\"\">\n<div class=\"container header-container\" data-v-f6c4fcd7=\"\">\n<div class=\"flex items-center justify-between py-1\" data-v-f6c4fcd7=\"\">\n<div class=\"flex items-center space-x-4 flex-shrink-0\" data-v-f6c4fcd7=\"\"><span style=\"color: #161925; font-size: 36px; font-weight: 600;\">Conditions d&rsquo;utilisation<\/span><\/div>\n<\/div>\n<\/div>\n<\/div>\n<\/header>\n<p><main><\/p>\n<section id=\"30-1681645560173\" class=\"\">\n<div class=\"html-content container\">\n<div>\n<div class=\"html-content\">\n<p><b>Introduction<\/b><\/p>\n<p>Les pr\u00e9sentes conditions d&rsquo;utilisation r\u00e9gissent l&rsquo;acc\u00e8s et l&rsquo;utilisation de notre site ecommerce. En utilisant notre site, vous acceptez ces conditions dans leur int\u00e9gralit\u00e9. Si vous n&rsquo;\u00eates pas d&rsquo;accord avec ces conditions, vous ne devez pas utiliser notre site.<\/p>\n<p><b>Utilisation du site<\/b><\/p>\n<p>Vous \u00eates autoris\u00e9 \u00e0 utiliser notre site pour votre usage personnel et non commercial. Vous ne pouvez pas utiliser notre site \u00e0 des fins ill\u00e9gales ou pour causer un pr\u00e9judice \u00e0 une personne ou une entreprise. Vous ne pouvez pas copier, modifier ou distribuer le contenu de notre site sans notre autorisation \u00e9crite.<\/p>\n<p><b>Contenu du site<\/b><\/p>\n<p>Nous nous r\u00e9servons le droit de modifier ou de supprimer tout contenu de notre site \u00e0 tout moment, sans pr\u00e9avis. Nous ne garantissons pas l&rsquo;exactitude, l&rsquo;exhaustivit\u00e9 ou la pertinence de tout contenu pr\u00e9sent sur notre site. Nous d\u00e9clinons toute responsabilit\u00e9 pour toute perte ou tout dommage subi en raison de l&rsquo;utilisation de notre site.<\/p>\n<p><b>Propri\u00e9t\u00e9 intellectuelle<\/b><\/p>\n<p>Notre site et son contenu sont prot\u00e9g\u00e9s par les lois sur la propri\u00e9t\u00e9 intellectuelle et les marques de commerce. Toute reproduction, distribution ou modification du contenu de notre site sans notre autorisation \u00e9crite est interdite.<\/p>\n<p><b>Liens vers d&rsquo;autres sites<\/b><\/p>\n<p>Notre site peut contenir des liens vers d&rsquo;autres sites web. Nous ne sommes pas responsables du contenu de ces sites ou des dommages qui pourraient r\u00e9sulter de leur utilisation.<\/p>\n<p><b>Limitation de responsabilit\u00e9<\/b><\/p>\n<p>Nous d\u00e9clinons toute responsabilit\u00e9 pour toute perte ou tout dommage r\u00e9sultant de l&rsquo;utilisation de notre site ou de son contenu. Nous ne sommes pas responsables des erreurs ou des omissions dans le contenu de notre site. Nous ne garantissons pas que notre site sera exempt d&rsquo;interruptions, d&rsquo;erreurs ou de virus.<\/p>\n<p><b>Modification des conditions d&rsquo;utilisation<\/b><\/p>\n<p>Nous nous r\u00e9servons le droit de modifier ces conditions d&rsquo;utilisation \u00e0 tout moment. Votre utilisation continue de notre site apr\u00e8s la modification de ces conditions constitue votre acceptation de ces modifications.<\/p>\n<p><b>Loi applicable<\/b><\/p>\n<p>Les pr\u00e9sentes conditions d&rsquo;utilisation sont r\u00e9gies par les lois de la Tunisie. Tout litige d\u00e9coulant de l&rsquo;utilisation de notre site sera soumis \u00e0 la juridiction exclusive des tribunaux comp\u00e9tents de la Tunisie.<\/p>\n<\/div>\n<\/div>\n<\/div>\n<\/section>\n<p><\/main><\/p>\n<footer class=\"bg-[var(--bg-footer)] footer\" data-v-1b707435=\"\">\n<div class=\"mx-auto pt-6 footer-content\" data-v-1b707435=\"\">\n<div class=\"container-medium xl:grid xl:gap-8 footer-grid text-[var(--color-footer)]\" data-v-1b707435=\"\">\n<div class=\"footer-logo-section\" data-v-1b707435=\"\"><\/div>\n<div class=\"mt-4 md:mt-10 xl:mt-0 grid grid-cols-1 lg:grid-cols-4 gap-1 lg:gap-4 col-span-7 footer-menu-section\" data-v-1b707435=\"\">\n<div class=\"footer-menu-column\" data-v-1b707435=\"\">\n<div class=\"flex justify-between items-center py-3 lg:py-0 border-b border-white\/10 lg:border-b-0 cursor-pointer lg:cursor-default transition-opacity duration-300 hover:opacity-80 lg:hover:opacity-100\" data-v-1b707435=\"\"><\/div>\n<\/div>\n<\/div>\n<\/div>\n<div class=\"border-t border-white\/10 py-3 footer-copyright-section\" data-v-1b707435=\"\">\n<p class=\"text-xs\/6 text-[var(--color-footer)] footer-copyright-text text-center px-2.5\" data-v-1b707435=\"\">\n<\/div>\n<\/div>\n<\/footer>\n\n    <div class=\"xs_social_share_widget xs_share_url after_content \t\tmain_content  wslu-style-1 wslu-share-box-shaped wslu-fill-colored wslu-none wslu-share-horizontal wslu-theme-font-no wslu-main_content\">\n\n\t\t\n        <ul>\n\t\t\t        <\/ul>\n    <\/div>","protected":false},"excerpt":{"rendered":"<p>Conditions d&rsquo;utilisation Introduction Les pr\u00e9sentes conditions d&rsquo;utilisation r\u00e9gissent l&rsquo;acc\u00e8s et l&rsquo;utilisation de notre site ecommerce. En utilisant notre site, vous acceptez ces conditions dans leur int\u00e9gralit\u00e9. Si vous n&rsquo;\u00eates pas d&rsquo;accord avec ces conditions, vous ne devez pas utiliser notre site. Utilisation du site Vous \u00eates autoris\u00e9 \u00e0 utiliser notre site pour votre usage personnel [&hellip;]<\/p>","protected":false},"author":1,"featured_media":0,"parent":0,"menu_order":0,"comment_status":"closed","ping_status":"closed","template":"","meta":{"om_disable_all_campaigns":false,"_monsterinsights_skip_tracking":false,"_monsterinsights_sitenote_active":false,"_monsterinsights_sitenote_note":"","_monsterinsights_sitenote_category":0,"postBodyCss":"","postBodyMargin":[],"postBodyPadding":[],"postBodyBackground":{"backgroundType":"classic","gradient":""},"_themeisle_gutenberg_block_has_review":false,"footnotes":""},"class_list":["post-3974","page","type-page","status-publish","hentry"],"aioseo_notices":[],"_links":{"self":[{"href":"https:\/\/www.biogatrana.com\/en\/wp-json\/wp\/v2\/pages\/3974","targetHints":{"allow":["GET"]}}],"collection":[{"href":"https:\/\/www.biogatrana.com\/en\/wp-json\/wp\/v2\/pages"}],"about":[{"href":"https:\/\/www.biogatrana.com\/en\/wp-json\/wp\/v2\/types\/page"}],"author":[{"embeddable":true,"href":"https:\/\/www.biogatrana.com\/en\/wp-json\/wp\/v2\/users\/1"}],"replies":[{"embeddable":true,"href":"https:\/\/www.biogatrana.com\/en\/wp-json\/wp\/v2\/comments?post=3974"}],"version-history":[{"count":1,"href":"https:\/\/www.biogatrana.com\/en\/wp-json\/wp\/v2\/pages\/3974\/revisions"}],"predecessor-version":[{"id":3975,"href":"https:\/\/www.biogatrana.com\/en\/wp-json\/wp\/v2\/pages\/3974\/revisions\/3975"}],"wp:attachment":[{"href":"https:\/\/www.biogatrana.com\/en\/wp-json\/wp\/v2\/media?parent=3974"}],"curies":[{"name":"wp","href":"https:\/\/api.w.org\/{rel}","templated":true}]}}