{"id":2794,"date":"2025-12-01T10:05:47","date_gmt":"2025-12-01T09:05:47","guid":{"rendered":"https:\/\/www.biogatrana.com\/?post_type=product&#038;p=2794"},"modified":"2025-12-27T19:22:30","modified_gmt":"2025-12-27T18:22:30","slug":"acerola-25-vitamine-c-naturelle","status":"publish","type":"product","link":"https:\/\/www.biogatrana.com\/en\/nos-produits\/immunite-et-vitalite\/acerola-25-vitamine-c-naturelle\/","title":{"rendered":"ACEROLA 25% vitamine C naturelle"},"content":{"rendered":"<p><strong><u>Bienfaits\u00a0:<\/u><\/strong><\/p>\n<p>Contribue \u00e0 r\u00e9duire la fatigue<\/p>\n<p>Soutient le syst\u00e9me immunitaire<\/p>\n<p>Favorise l\u2019absorphion du fer<\/p>\n<p>Aide \u00e0 stimuler la production de collag\u00e8ne<\/p>\n<p>Soutient la sant\u00e9 des os de la peau et des articulations<\/p>\n<p><strong><u>Origine et histoire\u00a0:<\/u><\/strong><\/p>\n<p>L\u2019ac\u00e9rola (Malpighia glabra), aussi appel\u00e9e cerise des Antilles, est un fruit tropical reconnu pour sa teneur exceptionnellement \u00e9lev\u00e9e en vitamine C et ses puissants antioxydants. Originaire des r\u00e9gions d\u2019Am\u00e9rique centrale, d\u2019Am\u00e9rique du Sud et des Cara\u00efbes, elle est consomm\u00e9e depuis des si\u00e8cles pour renforcer l\u2019immunit\u00e9 et soutenir la sant\u00e9 globale. Aujourd\u2019hui, l\u2019ac\u00e9rola est pris\u00e9e sous diverses formes pour ses bienfaits naturels et ses nutriments essentiels.<\/p>\n<p><strong><u>Compsition\u00a0:<\/u><\/strong><\/p>\n<p>Acerola Bio Gatrana est un extrait d\u2019ac\u00e9rola (Malpighia glabra) titr\u00e9 \u00e0 25% de vitamines C , contient aussi des polyph\u00e9nols (antioxydants), des carot\u00e9noides, des flavonoides et des fibres.<\/p>\n<p>L\u2019ac\u00e9rola (Malpighia glabra) est un fruit tropical originaire d\u2019Am\u00e9rique du Sud, particuli\u00e8rement pr\u00e9sent au Br\u00e9sil, en Jama\u00efque, et dans les r\u00e9gions des Cara\u00efbes. Ressemblant \u00e0 une petite cerise rouge, il est appr\u00e9ci\u00e9 pour sa teneur naturellement \u00e9lev\u00e9e en vitamine C et d\u2019autres antioxydants.<\/p>\n<p><strong><u>Dosage\u00a0:<\/u><\/strong><\/p>\n<p>400mg acerola\/g\u00e9lule \u00e0 100mg de vitamine C<\/p>\n<p><strong><u>Conseils d\u2019utilisation\u00a0: <\/u><\/strong><\/p>\n<p>prendre 1 \u00e0 2 g\u00e9lules par jour avec un grand verre d\u2019eau , de pr\u00e9f\u00e9rence au cours des repas ou selon les recommandations de votre professionnel de sant\u00e9.<\/p>\n<p>Dur\u00e9e recommand\u00e9e : Pour un apport optimal en vitamine C, une cure de 30 jours peut \u00eatre r\u00e9p\u00e9t\u00e9e plusieurs fois par an selon les besoins nutritionnels.<\/p>\n<p><strong><u>Principes Actifs :<\/u><\/strong><\/p>\n<p>Chaque g\u00e9lule ou portion standard de notre ac\u00e9rola titr\u00e9 \u00e0 25% de vitamine C contient :<\/p>\n<ul>\n<li>Vitamine C (acide ascorbique) : contribue au fonctionnement normal du syst\u00e8me immunitaire, \u00e0 la r\u00e9duction de la fatigue et au m\u00e9tabolisme \u00e9nerg\u00e9tique normal.<\/li>\n<li>Extraits de bioflavono\u00efdes et polyph\u00e9nols : renforcent les effets antioxydants, favorisant une meilleure absorption et protection contre les radicaux libres.<\/li>\n<li>Extraits de carot\u00e9no\u00efdes : aident \u00e0 prot\u00e9ger les cellules contre le stress oxydatif.<\/li>\n<\/ul>\n<p><strong><u>Contre-indications :<\/u><\/strong><\/p>\n<ul>\n<li>Ne convient pas aux personnes allergiques aux fruits rouges.<\/li>\n<li>\u00c0 \u00e9viter chez les personnes souffrant d\u2019h\u00e9mochromatose (trouble li\u00e9 \u00e0 une surcharge en fer) car la vitamine C peut augmenter l\u2019absorption du fer.<\/li>\n<li>Consultez un professionnel de sant\u00e9 avant usage si vous \u00eates enceinte, allaitante, ou sous traitement m\u00e9dical sp\u00e9cifique.<\/li>\n<\/ul>\n<p><strong><u>Pr\u00e9caution d\u2019Usage :<\/u><\/strong><\/p>\n<p>Un compl\u00e9ment alimentaire ne doit jamais se substituer \u00e0 une alimentation vari\u00e9e, \u00e9quilibr\u00e9e et \u00e0 un mode de vie sain. Il est recommand\u00e9 de respecter la dose quotidienne indiqu\u00e9e. En cas de doute, ou si vous \u00eates enceinte, allaitante, ou sous traitement m\u00e9dical, consultez un professionnel de sant\u00e9 avant d\u2019utiliser ce produit.<\/p>\n<p><strong><u>Conditions de Conservation :<\/u><\/strong><\/p>\n<p>Conservez ce compl\u00e9ment alimentaire dans un endroit sec, \u00e0 l\u2019abri de la lumi\u00e8re, de la chaleur et de l\u2019humidit\u00e9. Temp\u00e9rature inferieur \u00e0 25\u00b0c.<\/p>\n<p>Tenir hors de la port\u00e9e des jeunes enfants.<\/p>\n<p><strong><u>Informations Compl\u00e9mentaires :<\/u><\/strong><\/p>\n<ul>\n<li>Certifi\u00e9 sans OGM et sans additifs artificiels.<\/li>\n<li>Fabrication conforme aux normes de s\u00e9curit\u00e9 alimentaire.<\/li>\n<\/ul>\n<p>&nbsp;<\/p>\n<p>&nbsp;<\/p>\n<p>&nbsp;<\/p>\n<p>&nbsp;<\/p>\n<p>&nbsp;<\/p>\n<p>&nbsp;<\/p>\n\n    <div class=\"xs_social_share_widget xs_share_url after_content \t\tmain_content  wslu-style-1 wslu-share-box-shaped wslu-fill-colored wslu-none wslu-share-horizontal wslu-theme-font-no wslu-main_content\">\n\n\t\t\n        <ul>\n\t\t\t        <\/ul>\n    <\/div>","protected":false},"excerpt":{"rendered":"<p>Acerola Bio Gatrana est un extrait d\u2019ac\u00e9rola (Malpighia glabra) titr\u00e9 \u00e0 25% de vitamines C , contient aussi des polyph\u00e9nols (antioxydants), des carot\u00e9noides, des flavonoides et des fibres.<\/p>\n<p>L\u2019ac\u00e9rola (Malpighia glabra) est un fruit tropical originaire d\u2019Am\u00e9rique du Sud, particuli\u00e8rement pr\u00e9sent au Br\u00e9sil, en Jama\u00efque, et dans les r\u00e9gions des Cara\u00efbes. Ressemblant \u00e0 une petite cerise rouge, il est appr\u00e9ci\u00e9 pour sa teneur naturellement \u00e9lev\u00e9e en vitamine C et d\u2019autres antioxydants.<\/p>","protected":false},"featured_media":2795,"menu_order":0,"comment_status":"open","ping_status":"closed","template":"","meta":{"om_disable_all_campaigns":false,"_monsterinsights_skip_tracking":false,"_monsterinsights_sitenote_active":false,"_monsterinsights_sitenote_note":"","_monsterinsights_sitenote_category":0,"postBodyCss":"","postBodyMargin":[],"postBodyPadding":[],"postBodyBackground":{"backgroundType":"classic","gradient":""},"_themeisle_gutenberg_block_has_review":false},"product_brand":[61],"product_cat":[78],"product_tag":[],"class_list":{"0":"post-2794","1":"product","2":"type-product","3":"status-publish","4":"has-post-thumbnail","6":"product_brand-biogatrana","7":"product_cat-immunite-et-vitalite","9":"first","10":"instock","11":"taxable","12":"shipping-taxable","13":"purchasable","14":"product-type-simple"},"aioseo_notices":[],"_links":{"self":[{"href":"https:\/\/www.biogatrana.com\/en\/wp-json\/wp\/v2\/product\/2794","targetHints":{"allow":["GET"]}}],"collection":[{"href":"https:\/\/www.biogatrana.com\/en\/wp-json\/wp\/v2\/product"}],"about":[{"href":"https:\/\/www.biogatrana.com\/en\/wp-json\/wp\/v2\/types\/product"}],"replies":[{"embeddable":true,"href":"https:\/\/www.biogatrana.com\/en\/wp-json\/wp\/v2\/comments?post=2794"}],"version-history":[{"count":3,"href":"https:\/\/www.biogatrana.com\/en\/wp-json\/wp\/v2\/product\/2794\/revisions"}],"predecessor-version":[{"id":2806,"href":"https:\/\/www.biogatrana.com\/en\/wp-json\/wp\/v2\/product\/2794\/revisions\/2806"}],"wp:featuredmedia":[{"embeddable":true,"href":"https:\/\/www.biogatrana.com\/en\/wp-json\/wp\/v2\/media\/2795"}],"wp:attachment":[{"href":"https:\/\/www.biogatrana.com\/en\/wp-json\/wp\/v2\/media?parent=2794"}],"wp:term":[{"taxonomy":"product_brand","embeddable":true,"href":"https:\/\/www.biogatrana.com\/en\/wp-json\/wp\/v2\/product_brand?post=2794"},{"taxonomy":"product_cat","embeddable":true,"href":"https:\/\/www.biogatrana.com\/en\/wp-json\/wp\/v2\/product_cat?post=2794"},{"taxonomy":"product_tag","embeddable":true,"href":"https:\/\/www.biogatrana.com\/en\/wp-json\/wp\/v2\/product_tag?post=2794"}],"curies":[{"name":"wp","href":"https:\/\/api.w.org\/{rel}","templated":true}]}}