{"id":2813,"date":"2025-12-01T22:40:27","date_gmt":"2025-12-01T21:40:27","guid":{"rendered":"https:\/\/www.biogatrana.com\/?post_type=product&#038;p=2813"},"modified":"2026-01-04T19:44:18","modified_gmt":"2026-01-04T18:44:18","slug":"chardon-marie-formule-concentree-80-silymarine","status":"publish","type":"product","link":"https:\/\/www.biogatrana.com\/en\/nos-produits\/poids-et-metabolisme\/chardon-marie-formule-concentree-80-silymarine\/","title":{"rendered":"Chardon Marie Formule concentr\u00e9e 80% silymarine"},"content":{"rendered":"<p><strong><u>Bienfaits\u00a0:<\/u><\/strong><\/p>\n<p>D\u00e9toxifiant et h\u00e9patoprotecteur<\/p>\n<p>Am\u00e9liore la digestion<\/p>\n<p>Aide \u00e0 la r\u00e9gulation de la glyc\u00e9mie<\/p>\n<p><strong><u>Conseils d\u2019utilisation\u00a0: <\/u><\/strong><\/p>\n<p>1 \u00e0 2 g\u00e9lules par jour (avant repas )<\/p>\n<p>Une cure de 1 mois est optimale (renouvelable).<\/p>\n<p><strong><u>Dosage\u00a0:<\/u><\/strong><\/p>\n<p>Chardon-Marie Concentr\u00e9 \u00e0 80% de Silymarine (300 mg par G\u00e9lule)<\/p>\n<p><strong><u>COMPOSTION\u00a0:<\/u><\/strong><\/p>\n<p>Extrait sec de chardon marie (silybum marianum) titr\u00e9 \u00e0 80% de silymarine , contient en plus la silybine et l\u2019isosilybine, des flavonoides (querc\u00e9tine), des acides gras polyinsatur\u00e9s (acide linol\u00e9ique et acide ol\u00e9ique) et des phytost\u00e9rols (le sitost\u00e9rol)<\/p>\n<p><strong><u>Origine\u00a0:<\/u><\/strong><\/p>\n<p>Le Chardon-Marie (Silybum marianum) est une plante originaire du pourtour m\u00e9diterran\u00e9en, largement r\u00e9pandue dans les r\u00e9gions chaudes d\u2019Europe et d\u2019Asie. Utilis\u00e9e depuis des mill\u00e9naires, notamment par les Grecs et les Romains, cette plante est traditionnellement connue pour ses bienfaits sur la sant\u00e9 h\u00e9patique. La silymarine, son principal actif, est extraite des graines du chardon et est reconnue pour ses propri\u00e9t\u00e9s protectrices et r\u00e9g\u00e9n\u00e9ratrices du foie.<\/p>\n<p><strong><u>Principes Actifs\u00a0:<\/u><\/strong><\/p>\n<ul>\n<li>Silymarine (80% par g\u00e9lule) : Un complexe de flavono\u00efdes, principalement la silybine, la silydianine et la silychristine, qui agit en synergie pour prot\u00e9ger et soutenir la sant\u00e9 h\u00e9patique.<\/li>\n<li>Autres Composants Naturels : Acides gras, prot\u00e9ines, et antioxydants mineurs qui compl\u00e8tent l\u2019action des flavono\u00efdes.<\/li>\n<\/ul>\n<p><strong><u>Contre-indications\u00a0:<\/u><\/strong><\/p>\n<ul>\n<li>Grossesse et Allaitement : Consultez un professionnel de sant\u00e9 avant l\u2019utilisation.<\/li>\n<li>Allergies aux Plantes de la Famille des Ast\u00e9rac\u00e9es : Le chardon-marie appartient \u00e0 cette famille, et des r\u00e9actions allergiques peuvent survenir.<\/li>\n<li>Diab\u00e9tiques : Le chardon-marie peut influencer la glyc\u00e9mie ; consultez un professionnel en cas de prise de m\u00e9dicaments pour le diab\u00e8te.<\/li>\n<li>Interaction M\u00e9dicamenteuse : Peut interagir avec certains traitements, notamment ceux m\u00e9tabolis\u00e9s par le foie (comme les anticoagulants). Une consultation pr\u00e9alable est recommand\u00e9e.<\/li>\n<\/ul>\n<p><strong><u>Pr\u00e9caution d\u2019Usage :<\/u><\/strong><\/p>\n<p>Un compl\u00e9ment alimentaire ne doit jamais se substituer \u00e0 une alimentation vari\u00e9e, \u00e9quilibr\u00e9e et \u00e0 un mode de vie sain. Il est recommand\u00e9 de respecter la dose quotidienne indiqu\u00e9e. En cas de doute, ou si vous \u00eates enceinte, allaitante, ou sous traitement m\u00e9dical, consultez un professionnel de sant\u00e9 avant d\u2019utiliser ce produit.<\/p>\n<p><strong><u>Conditions de Conservation :<\/u><\/strong><\/p>\n<p>Conservez ce compl\u00e9ment alimentaire dans un endroit sec, \u00e0 l\u2019abri de la lumi\u00e8re, de la chaleur et de l\u2019humidit\u00e9. Temp\u00e9rature inferieur \u00e0 25\u00b0c.<\/p>\n<p>Tenir hors de la port\u00e9e des jeunes enfants.<\/p>\n<p><strong><u>Informations Compl\u00e9mentaires :<\/u><\/strong><\/p>\n<ul>\n<li>Certifi\u00e9 sans OGM et sans additifs artificiels.<\/li>\n<li>Fabrication conforme aux normes de s\u00e9curit\u00e9 alimentaire.<\/li>\n<\/ul>\n\n    <div class=\"xs_social_share_widget xs_share_url after_content \t\tmain_content  wslu-style-1 wslu-share-box-shaped wslu-fill-colored wslu-none wslu-share-horizontal wslu-theme-font-no wslu-main_content\">\n\n\t\t\n        <ul>\n\t\t\t        <\/ul>\n    <\/div>","protected":false},"excerpt":{"rendered":"<p>Le Chardon-Marie (Silybum marianum) est une plante originaire du pourtour m\u00e9diterran\u00e9en, largement r\u00e9pandue dans les r\u00e9gions chaudes d\u2019Europe et d\u2019Asie. Utilis\u00e9e depuis des mill\u00e9naires, notamment par les Grecs et les Romains, cette plante est traditionnellement connue pour ses bienfaits sur la sant\u00e9 h\u00e9patique. La silymarine, son principal actif, est extraite des graines du chardon et est reconnue pour ses propri\u00e9t\u00e9s protectrices et r\u00e9g\u00e9n\u00e9ratrices du foie.<\/p>","protected":false},"featured_media":2814,"menu_order":0,"comment_status":"open","ping_status":"closed","template":"","meta":{"om_disable_all_campaigns":false,"_monsterinsights_skip_tracking":false,"_monsterinsights_sitenote_active":false,"_monsterinsights_sitenote_note":"","_monsterinsights_sitenote_category":0,"postBodyCss":"","postBodyMargin":[],"postBodyPadding":[],"postBodyBackground":{"backgroundType":"classic","gradient":""},"_themeisle_gutenberg_block_has_review":false},"product_brand":[61],"product_cat":[80,81],"product_tag":[],"class_list":{"0":"post-2813","1":"product","2":"type-product","3":"status-publish","4":"has-post-thumbnail","6":"product_brand-biogatrana","7":"product_cat-poids-et-metabolisme","8":"product_cat-sante-peau-et-cheveux","10":"first","11":"instock","12":"taxable","13":"shipping-taxable","14":"purchasable","15":"product-type-simple"},"aioseo_notices":[],"_links":{"self":[{"href":"https:\/\/www.biogatrana.com\/en\/wp-json\/wp\/v2\/product\/2813","targetHints":{"allow":["GET"]}}],"collection":[{"href":"https:\/\/www.biogatrana.com\/en\/wp-json\/wp\/v2\/product"}],"about":[{"href":"https:\/\/www.biogatrana.com\/en\/wp-json\/wp\/v2\/types\/product"}],"replies":[{"embeddable":true,"href":"https:\/\/www.biogatrana.com\/en\/wp-json\/wp\/v2\/comments?post=2813"}],"version-history":[{"count":2,"href":"https:\/\/www.biogatrana.com\/en\/wp-json\/wp\/v2\/product\/2813\/revisions"}],"predecessor-version":[{"id":4220,"href":"https:\/\/www.biogatrana.com\/en\/wp-json\/wp\/v2\/product\/2813\/revisions\/4220"}],"wp:featuredmedia":[{"embeddable":true,"href":"https:\/\/www.biogatrana.com\/en\/wp-json\/wp\/v2\/media\/2814"}],"wp:attachment":[{"href":"https:\/\/www.biogatrana.com\/en\/wp-json\/wp\/v2\/media?parent=2813"}],"wp:term":[{"taxonomy":"product_brand","embeddable":true,"href":"https:\/\/www.biogatrana.com\/en\/wp-json\/wp\/v2\/product_brand?post=2813"},{"taxonomy":"product_cat","embeddable":true,"href":"https:\/\/www.biogatrana.com\/en\/wp-json\/wp\/v2\/product_cat?post=2813"},{"taxonomy":"product_tag","embeddable":true,"href":"https:\/\/www.biogatrana.com\/en\/wp-json\/wp\/v2\/product_tag?post=2813"}],"curies":[{"name":"wp","href":"https:\/\/api.w.org\/{rel}","templated":true}]}}