{"id":2817,"date":"2025-12-01T23:09:39","date_gmt":"2025-12-01T22:09:39","guid":{"rendered":"https:\/\/www.biogatrana.com\/?post_type=product&#038;p=2817"},"modified":"2025-12-27T19:20:20","modified_gmt":"2025-12-27T18:20:20","slug":"moringa-feuilles-formule-concentree","status":"publish","type":"product","link":"https:\/\/www.biogatrana.com\/en\/nos-produits\/reproduction-et-fertilite\/moringa-feuilles-formule-concentree\/","title":{"rendered":"Moringa Feuilles Formule Concentr\u00e9e"},"content":{"rendered":"<p><strong><u>Bienfaits\u00a0:<\/u><\/strong><\/p>\n<p>Renforce le syst\u00e8me immunitaire<\/p>\n<p>Aide \u00e0 maintenir une glyc\u00e9mie normale<\/p>\n<p>Aide \u00e0 reduire les inflammations<\/p>\n<p>Aide \u00e0 lutter contre le veillissement<\/p>\n<p><strong><u>Origine et histoire\u00a0:<\/u><\/strong><\/p>\n<p>Le Moringa oleifera, souvent surnomm\u00e9 \u201cl\u2019arbre de vie\u201d, est originaire des pieds des montagnes de l\u2019Himalaya en Inde. Utilis\u00e9 depuis des mill\u00e9naires dans la m\u00e9decine ayurv\u00e9dique, pour traiter plus de 300 affections, de la malnutrition aux inflammations. Il est appr\u00e9ci\u00e9 pour ses qualit\u00e9s nutritives exceptionnelles, \u00e9tant l\u2019une des rares plantes \u00e0 offrir une gamme aussi compl\u00e8te de nutriments dans ses feuilles.<\/p>\n<p>Il est aujourd\u2019hui cultiv\u00e9 dans de nombreuses r\u00e9gions tropicales et subtropicales pour ses feuilles, ses graines et ses gousses nutritives.<\/p>\n<p><strong><u>composition\u00a0:<\/u><\/strong><\/p>\n<p>riche en prot\u00e9ines v\u00e9g\u00e9tales (18 acides amin\u00e9es )<\/p>\n<p>vitamines A B ( B1 B2 B3 B5 B6 B12 ) C E K<\/p>\n<p>beta-carot\u00e8ne , fibre , calcium , magn\u00e9sium , phosphore<\/p>\n<p>fer , patassium , s\u00e9l\u00e9nium , zinc<\/p>\n<p><strong><u>Dosage\u00a0:<\/u><\/strong><\/p>\n<p>200 mg d\u2019extrait sec de moringa concentr\u00e9e 4 fois en principes actifs, par g\u00e9lules<\/p>\n<p><strong><u>conseils d\u2019utilisation\u00a0:\u00a0\u00a0 <\/u><\/strong><\/p>\n<p>2 \u00e0 4 g\u00e9lules par jour<\/p>\n<p>Une cure de 6 \u00e0 8 semaines est conseill\u00e9e pour ressentir les effets b\u00e9n\u00e9fiques de mani\u00e8re optimale. Peut \u00eatre renouvel\u00e9e apr\u00e8s une pause de quelques semaines.<\/p>\n<p><strong><u>Principes Actifs :<\/u><\/strong><\/p>\n<ul>\n<li>Vitamine C : Stimule l\u2019immunit\u00e9 et agit comme un puissant antioxydant.<\/li>\n<li>Polyph\u00e9nols et flavono\u00efdes : Prot\u00e8gent contre le stress oxydatif.<\/li>\n<li>Fer : Contribue \u00e0 la r\u00e9duction de la fatigue et au bon fonctionnement du m\u00e9tabolisme \u00e9nerg\u00e9tique.<\/li>\n<li>Calcium et magn\u00e9sium : Essentiels pour la sant\u00e9 osseuse et musculaire.<\/li>\n<\/ul>\n<p><strong><u>Contre-indications\u00a0:<\/u><\/strong><\/p>\n<ul>\n<li>\u00c9viter chez les femmes enceintes ou allaitantes sans avis m\u00e9dical, en raison de possibles effets stimulants sur l\u2019ut\u00e9rus.<\/li>\n<li>Non recommand\u00e9 aux personnes souffrant d\u2019hypotension, car le moringa peut abaisser la tension art\u00e9rielle.<\/li>\n<li>Les personnes prenant des m\u00e9dicaments anticoagulants doivent consulter un m\u00e9decin avant d\u2019utiliser ce compl\u00e9ment.<\/li>\n<li>Probl\u00e8mes Thyro\u00efdiens<\/li>\n<\/ul>\n<p>Certaines recherches sugg\u00e8rent que le moringa pourrait avoir des effets sur la glande thyro\u00efde. En particulier, des \u00e9tudes animales ont montr\u00e9 que des extraits de moringa peuvent influer sur le taux d\u2019hormones thyro\u00efdiennes. Pour cette raison, il est conseill\u00e9 aux personnes ayant des troubles de la thyro\u00efde, tels que l\u2019hypothyro\u00efdie ou l\u2019hyperthyro\u00efdie, de consulter un professionnel de sant\u00e9 avant de consommer du moringa.<\/p>\n<p><strong><u>Pr\u00e9caution d\u2019Usage :<\/u><\/strong><\/p>\n<p>Un compl\u00e9ment alimentaire ne doit jamais se substituer \u00e0 une alimentation vari\u00e9e, \u00e9quilibr\u00e9e et \u00e0 un mode de vie sain. Il est recommand\u00e9 de respecter la dose quotidienne indiqu\u00e9e. En cas de doute, ou si vous \u00eates enceinte, allaitante, ou sous traitement m\u00e9dical, consultez un professionnel de sant\u00e9 avant d\u2019utiliser ce produit.<\/p>\n<p><strong><u>Conditions de Conservation :<\/u><\/strong><\/p>\n<p>Conservez ce compl\u00e9ment alimentaire dans un endroit sec, \u00e0 l\u2019abri de la lumi\u00e8re, de la chaleur et de l\u2019humidit\u00e9. Temp\u00e9rature inferieur \u00e0 25\u00b0c.<\/p>\n<p>Tenir hors de la port\u00e9e des jeunes enfants.<\/p>\n<p><strong><u>Informations Compl\u00e9mentaires :<\/u><\/strong><\/p>\n<ul>\n<li>Certifi\u00e9 sans OGM et sans additifs artificiels.<\/li>\n<li>Fabrication conforme aux normes de s\u00e9curit\u00e9 alimentaire.<\/li>\n<\/ul>\n\n    <div class=\"xs_social_share_widget xs_share_url after_content \t\tmain_content  wslu-style-1 wslu-share-box-shaped wslu-fill-colored wslu-none wslu-share-horizontal wslu-theme-font-no wslu-main_content\">\n\n\t\t\n        <ul>\n\t\t\t        <\/ul>\n    <\/div>","protected":false},"excerpt":{"rendered":"<p>Le Moringa oleifera, souvent surnomm\u00e9 \u201cl\u2019arbre de vie\u201d, est originaire des pieds des montagnes de l\u2019Himalaya en Inde. Utilis\u00e9 depuis des mill\u00e9naires dans la m\u00e9decine ayurv\u00e9dique, pour traiter plus de 300 affections, de la malnutrition aux inflammations. Il est appr\u00e9ci\u00e9 pour ses qualit\u00e9s nutritives exceptionnelles, \u00e9tant l\u2019une des rares plantes \u00e0 offrir une gamme aussi compl\u00e8te de nutriments dans ses feuilles.<\/p>","protected":false},"featured_media":2819,"menu_order":0,"comment_status":"open","ping_status":"closed","template":"","meta":{"om_disable_all_campaigns":false,"_monsterinsights_skip_tracking":false,"_monsterinsights_sitenote_active":false,"_monsterinsights_sitenote_note":"","_monsterinsights_sitenote_category":0,"postBodyCss":"","postBodyMargin":[],"postBodyPadding":[],"postBodyBackground":{"backgroundType":"classic","gradient":""},"_themeisle_gutenberg_block_has_review":false},"product_brand":[61],"product_cat":[78,80,16],"product_tag":[],"class_list":{"0":"post-2817","1":"product","2":"type-product","3":"status-publish","4":"has-post-thumbnail","6":"product_brand-biogatrana","7":"product_cat-immunite-et-vitalite","8":"product_cat-poids-et-metabolisme","9":"product_cat-reproduction-et-fertilite","11":"first","12":"instock","13":"taxable","14":"shipping-taxable","15":"purchasable","16":"product-type-simple"},"aioseo_notices":[],"_links":{"self":[{"href":"https:\/\/www.biogatrana.com\/en\/wp-json\/wp\/v2\/product\/2817","targetHints":{"allow":["GET"]}}],"collection":[{"href":"https:\/\/www.biogatrana.com\/en\/wp-json\/wp\/v2\/product"}],"about":[{"href":"https:\/\/www.biogatrana.com\/en\/wp-json\/wp\/v2\/types\/product"}],"replies":[{"embeddable":true,"href":"https:\/\/www.biogatrana.com\/en\/wp-json\/wp\/v2\/comments?post=2817"}],"version-history":[{"count":2,"href":"https:\/\/www.biogatrana.com\/en\/wp-json\/wp\/v2\/product\/2817\/revisions"}],"predecessor-version":[{"id":4230,"href":"https:\/\/www.biogatrana.com\/en\/wp-json\/wp\/v2\/product\/2817\/revisions\/4230"}],"wp:featuredmedia":[{"embeddable":true,"href":"https:\/\/www.biogatrana.com\/en\/wp-json\/wp\/v2\/media\/2819"}],"wp:attachment":[{"href":"https:\/\/www.biogatrana.com\/en\/wp-json\/wp\/v2\/media?parent=2817"}],"wp:term":[{"taxonomy":"product_brand","embeddable":true,"href":"https:\/\/www.biogatrana.com\/en\/wp-json\/wp\/v2\/product_brand?post=2817"},{"taxonomy":"product_cat","embeddable":true,"href":"https:\/\/www.biogatrana.com\/en\/wp-json\/wp\/v2\/product_cat?post=2817"},{"taxonomy":"product_tag","embeddable":true,"href":"https:\/\/www.biogatrana.com\/en\/wp-json\/wp\/v2\/product_tag?post=2817"}],"curies":[{"name":"wp","href":"https:\/\/api.w.org\/{rel}","templated":true}]}}