{"id":2821,"date":"2025-12-01T23:18:46","date_gmt":"2025-12-01T22:18:46","guid":{"rendered":"https:\/\/www.biogatrana.com\/?post_type=product&#038;p=2821"},"modified":"2025-12-27T19:25:59","modified_gmt":"2025-12-27T18:25:59","slug":"saule-blanc-ecorce-25-de-salicine","status":"publish","type":"product","link":"https:\/\/www.biogatrana.com\/en\/nos-produits\/articulation-et-os\/saule-blanc-ecorce-25-de-salicine\/","title":{"rendered":"Saule Blanc \u00e9corce 25% de salicine"},"content":{"rendered":"<p><strong><u>Bienfaits\u00a0:<\/u><\/strong><\/p>\n<p>Aide a soulager les douleurs articulaires et rhumatismales<\/p>\n<p>Combat les inflammations<\/p>\n<p>Contribue \u00e0 r\u00e9duire les maux de tete<\/p>\n<p>Antioxydant<\/p>\n<p><strong><u>Origine et histoire :<\/u><\/strong><\/p>\n<p>Le saule blanc (Salix alba) est un arbre originaire d\u2019Europe, d\u2019Asie centrale et de certaines parties de l\u2019Afrique du Nord. Depuis l\u2019Antiquit\u00e9, l\u2019\u00e9corce de saule blanc est reconnue pour ses propri\u00e9t\u00e9s m\u00e9dicinales.<\/p>\n<p>L\u2019utilisation du saule blanc remonte \u00e0 plusieurs mill\u00e9naires. Les \u00e9crits de l\u2019Antiquit\u00e9, y compris ceux de l\u2019\u00c9gypte ancienne, mentionnent d\u00e9j\u00e0 l\u2019usage de l\u2019\u00e9corce de saule pour soulager les douleurs et la fi\u00e8vre. En Gr\u00e8ce antique, le c\u00e9l\u00e8bre m\u00e9decin Hippocrate (5e si\u00e8cle av. J.-C.) recommandait des extraits d\u2019\u00e9corce de saule pour apaiser les douleurs et r\u00e9duire les inflammations. La tradition s\u2019est perp\u00e9tu\u00e9e au fil des si\u00e8cles, trouvant une place importante dans les pharmacop\u00e9es m\u00e9di\u00e9vales europ\u00e9ennes.<\/p>\n<p><strong><u>Composition\u00a0:<\/u><\/strong><\/p>\n<p>L\u2019\u00e9corce de saule blanc (Salix alba) contient principalement de la salicine, un compos\u00e9 qui se transforme en acide salicylique dans le corps, similaire \u00e0 l\u2019aspirine. Une g\u00e9lule de 300 mg d\u2019extrait d\u2019\u00e9corce de saule blanc titr\u00e9e \u00e0 25% de salicine contient environ 75 mg de salicine.<\/p>\n<p>Contient aussi des polyph\u00e9nols et des flavonoides (antioxydants)\u00a0.<\/p>\n<p><strong><u>Dosage\u00a0:<\/u><\/strong><\/p>\n<p>300 mg de l\u2019extrait sec de l\u2019\u00e9corce de saule blanc concentr\u00e9e \u00e0 25% de salicine (aspirine naturelle) par g\u00e9lules<\/p>\n<p><strong><u>Conseils d\u2019utilisation<\/u><\/strong>\u00a0:<\/p>\n<p>Prendre 1 \u00e0 3 g\u00e9lules par jour , avec un grand verre d\u2019eau , de pr\u00e9f\u00e9rence au cours des repas<\/p>\n<p><u>Dur\u00e9e d\u2019administration recommand\u00e9e :<\/u><\/p>\n<ul>\n<li>Douleurs articulaires et rhumatismes : Le traitement peut \u00eatre poursuivi pendant 4 \u00e0 6 semaines. Une pause de quelques semaines est souvent recommand\u00e9e avant de reprendre pour \u00e9viter tout risque de surdosage et laisser l\u2019organisme se r\u00e9g\u00e9n\u00e9rer.<\/li>\n<li>Fi\u00e8vre ou maux de t\u00eate l\u00e9gers : L\u2019utilisation peut \u00eatre plus courte, souvent pendant quelques jours \u00e0 une semaine, en fonction de l\u2019\u00e9volution des sympt\u00f4mes.<\/li>\n<li>Douleurs musculaires : L\u2019administration se fait souvent sur une dur\u00e9e limit\u00e9e d\u2019une \u00e0 deux semaines pour soulager les douleurs aigu\u00ebs.<\/li>\n<\/ul>\n<p><strong><u>Principes actifs et bienfaits sp\u00e9cifiques :<\/u><\/strong><\/p>\n<ul>\n<li>Salicine : C\u2019est le composant actif majeur de l\u2019\u00e9corce de saule, qui a un effet anti-inflammatoire et analg\u00e9sique. Une fois m\u00e9tabolis\u00e9e, elle se transforme en acide salicylique, aidant \u00e0 r\u00e9duire la douleur et l\u2019inflammation, en particulier dans les affections comme l\u2019arthrite, les douleurs lombaires ou les douleurs musculaires.<\/li>\n<li>Polyph\u00e9nols et flavono\u00efdes : Ces antioxydants pr\u00e9sents dans l\u2019\u00e9corce de saule contribuent \u00e0 r\u00e9duire le stress oxydatif et \u00e0 prot\u00e9ger les cellules des dommages, en compl\u00e9ment de l\u2019effet de la salicine.<\/li>\n<\/ul>\n<p><strong><u>Contre-indications<\/u><\/strong><\/p>\n<ul>\n<li>Allergie \u00e0 l\u2019aspirine ou aux salicylates : Les personnes allergiques ne devraient pas utiliser l\u2019\u00e9corce de saule blanc.<\/li>\n<li>Troubles de la coagulation : Risque accru de saignement, en particulier chez les personnes sous traitement anticoagulant.<\/li>\n<li>Grossesse et allaitement : Non recommand\u00e9 en raison de ses effets similaires \u00e0 l\u2019aspirine.<\/li>\n<li>Enfants et adolescents : \u00c0 \u00e9viter pour pr\u00e9venir le syndrome de Reye.<\/li>\n<\/ul>\n<p><strong><u>Pr\u00e9caution d\u2019Usage :<\/u><\/strong><\/p>\n<p>Un compl\u00e9ment alimentaire ne doit jamais se substituer \u00e0 une alimentation vari\u00e9e, \u00e9quilibr\u00e9e et \u00e0 un mode de vie sain. Il est recommand\u00e9 de respecter la dose quotidienne indiqu\u00e9e. En cas de doute, ou si vous \u00eates enceinte, allaitante, ou sous traitement m\u00e9dical, consultez un professionnel de sant\u00e9 avant d\u2019utiliser ce produit.<\/p>\n<p><strong><u>Conditions de Conservation :<\/u><\/strong><\/p>\n<p>Conservez ce compl\u00e9ment alimentaire dans un endroit sec, \u00e0 l\u2019abri de la lumi\u00e8re, de la chaleur et de l\u2019humidit\u00e9. Temp\u00e9rature inferieur \u00e0 25\u00b0c.<\/p>\n<p>Tenir hors de la port\u00e9e des jeunes enfants.<\/p>\n<p><strong><u>Informations Compl\u00e9mentaires :<\/u><\/strong><\/p>\n<ul>\n<li>Certifi\u00e9 sans OGM et sans additifs artificiels.<\/li>\n<li>Fabrication conforme aux normes de s\u00e9curit\u00e9 alimentaire.<\/li>\n<\/ul>\n<p>&nbsp;<\/p>\n\n    <div class=\"xs_social_share_widget xs_share_url after_content \t\tmain_content  wslu-style-1 wslu-share-box-shaped wslu-fill-colored wslu-none wslu-share-horizontal wslu-theme-font-no wslu-main_content\">\n\n\t\t\n        <ul>\n\t\t\t        <\/ul>\n    <\/div>","protected":false},"excerpt":{"rendered":"<p>Le saule blanc (Salix alba) est un arbre originaire d\u2019Europe, d\u2019Asie centrale et de certaines parties de l\u2019Afrique du Nord. Depuis l\u2019Antiquit\u00e9, l\u2019\u00e9corce de saule blanc est reconnue pour ses propri\u00e9t\u00e9s m\u00e9dicinales.<\/p>","protected":false},"featured_media":2822,"menu_order":0,"comment_status":"open","ping_status":"closed","template":"","meta":{"om_disable_all_campaigns":false,"_monsterinsights_skip_tracking":false,"_monsterinsights_sitenote_active":false,"_monsterinsights_sitenote_note":"","_monsterinsights_sitenote_category":0,"postBodyCss":"","postBodyMargin":[],"postBodyPadding":[],"postBodyBackground":{"backgroundType":"classic","gradient":""},"_themeisle_gutenberg_block_has_review":false},"product_brand":[61],"product_cat":[79,84],"product_tag":[],"class_list":{"0":"post-2821","1":"product","2":"type-product","3":"status-publish","4":"has-post-thumbnail","6":"product_brand-biogatrana","7":"product_cat-articulation-et-os","8":"product_cat-promo","10":"first","11":"instock","12":"sale","13":"taxable","14":"shipping-taxable","15":"purchasable","16":"product-type-simple"},"aioseo_notices":[],"_links":{"self":[{"href":"https:\/\/www.biogatrana.com\/en\/wp-json\/wp\/v2\/product\/2821","targetHints":{"allow":["GET"]}}],"collection":[{"href":"https:\/\/www.biogatrana.com\/en\/wp-json\/wp\/v2\/product"}],"about":[{"href":"https:\/\/www.biogatrana.com\/en\/wp-json\/wp\/v2\/types\/product"}],"replies":[{"embeddable":true,"href":"https:\/\/www.biogatrana.com\/en\/wp-json\/wp\/v2\/comments?post=2821"}],"version-history":[{"count":2,"href":"https:\/\/www.biogatrana.com\/en\/wp-json\/wp\/v2\/product\/2821\/revisions"}],"predecessor-version":[{"id":2824,"href":"https:\/\/www.biogatrana.com\/en\/wp-json\/wp\/v2\/product\/2821\/revisions\/2824"}],"wp:featuredmedia":[{"embeddable":true,"href":"https:\/\/www.biogatrana.com\/en\/wp-json\/wp\/v2\/media\/2822"}],"wp:attachment":[{"href":"https:\/\/www.biogatrana.com\/en\/wp-json\/wp\/v2\/media?parent=2821"}],"wp:term":[{"taxonomy":"product_brand","embeddable":true,"href":"https:\/\/www.biogatrana.com\/en\/wp-json\/wp\/v2\/product_brand?post=2821"},{"taxonomy":"product_cat","embeddable":true,"href":"https:\/\/www.biogatrana.com\/en\/wp-json\/wp\/v2\/product_cat?post=2821"},{"taxonomy":"product_tag","embeddable":true,"href":"https:\/\/www.biogatrana.com\/en\/wp-json\/wp\/v2\/product_tag?post=2821"}],"curies":[{"name":"wp","href":"https:\/\/api.w.org\/{rel}","templated":true}]}}