{"id":3324,"date":"2025-12-07T21:12:00","date_gmt":"2025-12-07T20:12:00","guid":{"rendered":"https:\/\/www.biogatrana.com\/?post_type=product&#038;p=3324"},"modified":"2026-04-07T13:10:24","modified_gmt":"2026-04-07T11:10:24","slug":"berberine-97-2","status":"publish","type":"product","link":"https:\/\/www.biogatrana.com\/en\/nos-produits\/nos-packs\/berberine-97-2\/","title":{"rendered":"Pack de 2 Berberine 97%"},"content":{"rendered":"<p><strong><u>Bienfaits\u00a0:<\/u><\/strong><\/p>\n<p>Aide \u00e0 la gestion de la glyc\u00e9mie.<\/p>\n<p>Soutient l\u2019\u00e9quilibre lipidique du corps (LDL cholest\u00e9rol et triglyc\u00e9rides).<\/p>\n<p>Favorise la digestion.<\/p>\n<p>Contribue \u00e0 la r\u00e9gulation du poids.<\/p>\n<p>Effet antioxydant et anti-inflammatoire<\/p>\n<p><strong><u>Origine et histoire\u00a0:<\/u><\/strong><\/p>\n<p>La berb\u00e9rine est un alcalo\u00efde naturel extrait de plantes comme le Berberis vulgaris (\u00e9pine-vinette), utilis\u00e9 depuis des si\u00e8cles dans les m\u00e9decines traditionnelles chinoise et ayurv\u00e9dique. Elle est aujourd\u2019hui reproduite en version purifi\u00e9e sous forme de Berb\u00e9rine HCL, une forme standardis\u00e9e et stable, tr\u00e8s utilis\u00e9e pour ses effets m\u00e9taboliques puissants.<\/p>\n<p>Le chrome, sous forme de picolinate de chrome, est un oligo-\u00e9l\u00e9ment essentiel, reconnu pour son r\u00f4le dans la r\u00e9gulation du m\u00e9tabolisme des sucres et des graisses.<\/p>\n<p><strong><u>Compsition\u00a0:<\/u><\/strong><\/p>\n<p>300 mg d\u2019actif principal qui est la Berb\u00e9rine HCL dos\u00e9e \u00e0 97% et du Picolinate de chrome100 mcg (250 % VNR) par g\u00e9lule .<\/p>\n<p><strong><u>Dosage\u00a0:<\/u><\/strong><\/p>\n<p>1 g\u00e9lules contient 300 mg d\u2019actif principal qui est la Berb\u00e9rine dos\u00e9e \u00e0 97% et 100 ug de picolinate de chrome.<\/p>\n<p>Boite de 60 g\u00e9lules.<\/p>\n<p><strong><u>Conseils d\u2019utilisation\u00a0:<\/u><\/strong><\/p>\n<p>Prendre 2 \u00e0 3 g\u00e9lules par jour, de pr\u00e9f\u00e9rence avant repas.<\/p>\n<p>Dur\u00e9e recommand\u00e9e : une p\u00e9riode d\u2019au moins 8 \u00e0 12 semaines pour constater des r\u00e9sultats significatifs.<\/p>\n<p><strong><u>Principes Actifs :<\/u><\/strong><\/p>\n<ol>\n<li>Berb\u00e9rine HCL (97 % de puret\u00e9) \u2013 300 mg par g\u00e9lule<\/li>\n<\/ol>\n<p>Propri\u00e9t\u00e9s scientifiquement document\u00e9es :<\/p>\n<ul>\n<li>R\u00e9gulation de la glyc\u00e9mie : Active l\u2019AMPK (AMP-activated protein kinase), une enzyme cl\u00e9 du m\u00e9tabolisme \u00e9nerg\u00e9tique, contribuant \u00e0 am\u00e9liorer la sensibilit\u00e9 \u00e0 l\u2019insuline et \u00e0 r\u00e9duire la glyc\u00e9mie (PMC2410097).<\/li>\n<li>Soutien du m\u00e9tabolisme lipidique : R\u00e9duction du cholest\u00e9rol total, LDL, triglyc\u00e9rides et augmentation du HDL (PMID: 26461258).<\/li>\n<li>Effet antioxydant : Inhibe la peroxydation lipidique et renforce l\u2019activit\u00e9 des enzymes antioxydantes (SOD, GPx, catalase).<\/li>\n<li>Effet anti-inflammatoire : Inhibition des voies inflammatoires (NF-\u03baB, MAPK), r\u00e9duction des cytokines pro-inflammatoires (IL-6, TNF-\u03b1) (PMID: 26192848).<\/li>\n<li>Soutien de la flore intestinale : R\u00e9gule le microbiote, am\u00e9liore la perm\u00e9abilit\u00e9 intestinale et r\u00e9duit l\u2019inflammation digestive.<\/li>\n<li>Effet sur la gestion du poids : Am\u00e9lioration de la sensibilit\u00e9 \u00e0 la leptine, r\u00e9duction de l\u2019absorption des glucides et effet anorexig\u00e8ne l\u00e9ger.<\/li>\n<\/ul>\n<ol start=\"2\">\n<li>Chrome (sous forme de picolinate de chrome) \u2013 100 mcg par g\u00e9lule<\/li>\n<\/ol>\n<p>Propri\u00e9t\u00e9s valid\u00e9es :<\/p>\n<ul>\n<li>Contribue au m\u00e9tabolisme normal des macronutriments (glucides, lipides, prot\u00e9ines).<\/li>\n<li>Participe au maintien d\u2019une glyc\u00e9mie normale (EFSA ID 281).<\/li>\n<li>Effet potentialisateur de l\u2019insuline : Am\u00e9liore l\u2019entr\u00e9e du glucose dans les cellules et soutient l\u2019\u00e9quilibre glyc\u00e9mique.<\/li>\n<li>Soutien en cas de fringales sucr\u00e9es : R\u00e9duction de l\u2019app\u00e9tence pour les sucres chez les personnes pr\u00e9sentant une r\u00e9sistance \u00e0 l\u2019insuline l\u00e9g\u00e8re.<\/li>\n<\/ul>\n<p><strong><u>Contre-indications :<\/u><\/strong><\/p>\n<ul>\n<li>La berb\u00e9rine est d\u00e9conseill\u00e9e aux femmes enceintes ou allaitantes, car elle peut provoquer des contractions ut\u00e9rines.<\/li>\n<li>Ne pas utiliser chez les personnes atteintes de troubles r\u00e9naux ou h\u00e9patiques s\u00e9v\u00e8res.<\/li>\n<li>Consulter un professionnel de sant\u00e9 en cas de prise d\u2019hypoglyc\u00e9miants ou d\u2019autres m\u00e9dicaments, car des interactions peuvent survenir.<\/li>\n<\/ul>\n<p><strong><u>Pr\u00e9caution d\u2019Usage :<\/u><\/strong><\/p>\n<p>Un compl\u00e9ment alimentaire ne doit jamais se substituer \u00e0 une alimentation vari\u00e9e, \u00e9quilibr\u00e9e et \u00e0 un mode de vie sain. Il est recommand\u00e9 de respecter la dose quotidienne indiqu\u00e9e. En cas de doute, ou si vous \u00eates enceinte, allaitante, ou sous traitement m\u00e9dical, consultez un professionnel de sant\u00e9 avant d\u2019utiliser ce produit.<\/p>\n<p><strong><u>Conditions de Conservation :<\/u><\/strong><\/p>\n<p>Conservez ce compl\u00e9ment alimentaire dans un endroit sec, \u00e0 l\u2019abri de la lumi\u00e8re, de la chaleur et de l\u2019humidit\u00e9. Temp\u00e9rature inferieur \u00e0 25\u00b0c.<\/p>\n<p>Tenir hors de la port\u00e9e des jeunes enfants.<\/p>\n<p><strong><u>Informations Compl\u00e9mentaires :<\/u><\/strong><\/p>\n<ul>\n<li>Certifi\u00e9 sans OGM et sans additifs artificiels.<\/li>\n<li>Fabrication conforme aux normes de s\u00e9curit\u00e9 alimentaire.<\/li>\n<\/ul>\n\n    <div class=\"xs_social_share_widget xs_share_url after_content \t\tmain_content  wslu-style-1 wslu-share-box-shaped wslu-fill-colored wslu-none wslu-share-horizontal wslu-theme-font-no wslu-main_content\">\n\n\t\t\n        <ul>\n\t\t\t        <\/ul>\n    <\/div>","protected":false},"excerpt":{"rendered":"<p>La berb\u00e9rine est un alcalo\u00efde naturel extrait de plantes comme le Berberis vulgaris (\u00e9pine-vinette), utilis\u00e9 depuis des si\u00e8cles dans les m\u00e9decines traditionnelles chinoise et ayurv\u00e9dique. Elle est aujourd\u2019hui reproduite en version purifi\u00e9e sous forme de Berb\u00e9rine HCL, une forme standardis\u00e9e et stable, tr\u00e8s utilis\u00e9e pour ses effets m\u00e9taboliques puissants.<\/p>","protected":false},"featured_media":4316,"menu_order":0,"comment_status":"open","ping_status":"closed","template":"","meta":{"om_disable_all_campaigns":false,"_monsterinsights_skip_tracking":false,"_monsterinsights_sitenote_active":false,"_monsterinsights_sitenote_note":"","_monsterinsights_sitenote_category":0,"postBodyCss":"","postBodyMargin":[],"postBodyPadding":[],"postBodyBackground":{"backgroundType":"classic","gradient":""},"_themeisle_gutenberg_block_has_review":false},"product_brand":[61],"product_cat":[85],"product_tag":[],"class_list":{"0":"post-3324","1":"product","2":"type-product","3":"status-publish","4":"has-post-thumbnail","6":"product_brand-biogatrana","7":"product_cat-nos-packs","9":"first","10":"instock","11":"sale","12":"taxable","13":"shipping-taxable","14":"purchasable","15":"product-type-simple"},"aioseo_notices":[],"_links":{"self":[{"href":"https:\/\/www.biogatrana.com\/en\/wp-json\/wp\/v2\/product\/3324","targetHints":{"allow":["GET"]}}],"collection":[{"href":"https:\/\/www.biogatrana.com\/en\/wp-json\/wp\/v2\/product"}],"about":[{"href":"https:\/\/www.biogatrana.com\/en\/wp-json\/wp\/v2\/types\/product"}],"replies":[{"embeddable":true,"href":"https:\/\/www.biogatrana.com\/en\/wp-json\/wp\/v2\/comments?post=3324"}],"version-history":[{"count":5,"href":"https:\/\/www.biogatrana.com\/en\/wp-json\/wp\/v2\/product\/3324\/revisions"}],"predecessor-version":[{"id":4317,"href":"https:\/\/www.biogatrana.com\/en\/wp-json\/wp\/v2\/product\/3324\/revisions\/4317"}],"wp:featuredmedia":[{"embeddable":true,"href":"https:\/\/www.biogatrana.com\/en\/wp-json\/wp\/v2\/media\/4316"}],"wp:attachment":[{"href":"https:\/\/www.biogatrana.com\/en\/wp-json\/wp\/v2\/media?parent=3324"}],"wp:term":[{"taxonomy":"product_brand","embeddable":true,"href":"https:\/\/www.biogatrana.com\/en\/wp-json\/wp\/v2\/product_brand?post=3324"},{"taxonomy":"product_cat","embeddable":true,"href":"https:\/\/www.biogatrana.com\/en\/wp-json\/wp\/v2\/product_cat?post=3324"},{"taxonomy":"product_tag","embeddable":true,"href":"https:\/\/www.biogatrana.com\/en\/wp-json\/wp\/v2\/product_tag?post=3324"}],"curies":[{"name":"wp","href":"https:\/\/api.w.org\/{rel}","templated":true}]}}