{"id":4296,"date":"2026-04-02T17:13:54","date_gmt":"2026-04-02T15:13:54","guid":{"rendered":"https:\/\/www.biogatrana.com\/?post_type=product&#038;p=4296"},"modified":"2026-04-03T12:38:35","modified_gmt":"2026-04-03T10:38:35","slug":"carbotop-60-gels","status":"publish","type":"product","link":"https:\/\/www.biogatrana.com\/en\/nos-produits\/reproduction-et-fertilite\/carbotop-60-gels\/","title":{"rendered":"Carbotop (30 gels)"},"content":{"rendered":"<p>DESCRIPTION<br \/>\n&#8211; Compl\u00e9ment alimentaire \u00e0 base de charbon actif et d&rsquo;extraits v\u00e9g\u00e9taux concentr\u00e9s<br \/>\n&#8211; Formule destin\u00e9e au confort digestif<br \/>\nBIENFAITS<br \/>\n&#8211; Aide \u00e0 r\u00e9duire les ballonnements<br \/>\n&#8211; Contribue \u00e0 diminuer les gaz intestinaux<br \/>\n&#8211; Favorise le confort digestif apr\u00e8s les repas<br \/>\nCOMPOSITION (par g\u00e9lule)<br \/>\n&#8211; Charbon actif v\u00e9g\u00e9tal (Carbo vegetabilis) : 200 mg<br \/>\n&#8211; Extrait de fenouil 4:1 (Foeniculum vulgare Mill., fructus) : 200 mg<br \/>\n&#8211; Extrait de gingembre 4:1 (Zingiber officinale Roscoe, rhizoma) : 100 mg<br \/>\nBoite de 30 g\u00e9lules; 500 mg\/g\u00e9lule<br \/>\nMODE D\u2019ACTION<br \/>\n&#8211; Le charbon actif agit par adsorption des gaz au niveau intestinal<br \/>\n&#8211; Le fenouil contribue \u00e0 la d\u00e9tente des muscles digestifs<br \/>\n&#8211; Le gingembre soutient la motilit\u00e9 gastrique et la digestion<br \/>\nCONSEILS D\u2019UTILISATION<br \/>\n&#8211; 1 \u00e0 2 g\u00e9lules par jour<br \/>\n&#8211; \u00c0 prendre avec un grand verre d\u2019eau<br \/>\n&#8211; De pr\u00e9f\u00e9rence avant ou apr\u00e8s les repas<br \/>\nCONTRE-INDICATIONS<br \/>\n&#8211; Occlusion intestinale<br \/>\n&#8211; Enfants de moins de 12 ans<br \/>\n&#8211; Femmes enceintes ou allaitantes sans avis m\u00e9dical<br \/>\nPR\u00c9CAUTIONS D\u2019EMPLOI<br \/>\n&#8211; Respecter la dose journali\u00e8re recommand\u00e9e<br \/>\n&#8211; Espacer la prise de 2 heures avec tout m\u00e9dicament<br \/>\n&#8211; Ne pas utiliser en cas d\u2019hypersensibilit\u00e9 \u00e0 l\u2019un des composants<br \/>\nCONSERVATION<br \/>\n&#8211; Conserver dans un endroit sec<br \/>\n&#8211; \u00c0 l\u2019abri de la chaleur et de l\u2019humidit\u00e9<br \/>\n&#8211; Tenir hors de port\u00e9e des enfants<\/p>\n\n    <div class=\"xs_social_share_widget xs_share_url after_content \t\tmain_content  wslu-style-1 wslu-share-box-shaped wslu-fill-colored wslu-none wslu-share-horizontal wslu-theme-font-no wslu-main_content\">\n\n\t\t\n        <ul>\n\t\t\t        <\/ul>\n    <\/div>","protected":false},"excerpt":{"rendered":"<p>&#8211; Compl\u00e9ment alimentaire \u00e0 base de charbon actif et d&rsquo;extraits v\u00e9g\u00e9taux concentr\u00e9s<br \/>\n&#8211; Formule destin\u00e9e au confort digestif<br \/>\nPROPRI\u00c9T\u00c9S<br \/>\n&#8211; Aide \u00e0 r\u00e9duire les ballonnements<br \/>\n&#8211; Contribue \u00e0 diminuer les gaz intestinaux<br \/>\n&#8211; Favorise le confort digestif apr\u00e8s les repas<\/p>","protected":false},"featured_media":4297,"menu_order":0,"comment_status":"open","ping_status":"closed","template":"","meta":{"om_disable_all_campaigns":false,"_monsterinsights_skip_tracking":false,"_monsterinsights_sitenote_active":false,"_monsterinsights_sitenote_note":"","_monsterinsights_sitenote_category":0,"postBodyCss":"","postBodyMargin":[],"postBodyPadding":[],"postBodyBackground":{"backgroundType":"classic","gradient":""},"_themeisle_gutenberg_block_has_review":false},"product_brand":[],"product_cat":[16],"product_tag":[],"class_list":{"0":"post-4296","1":"product","2":"type-product","3":"status-publish","4":"has-post-thumbnail","6":"product_cat-reproduction-et-fertilite","8":"first","9":"instock","10":"taxable","11":"shipping-taxable","12":"purchasable","13":"product-type-simple"},"aioseo_notices":[],"_links":{"self":[{"href":"https:\/\/www.biogatrana.com\/en\/wp-json\/wp\/v2\/product\/4296","targetHints":{"allow":["GET"]}}],"collection":[{"href":"https:\/\/www.biogatrana.com\/en\/wp-json\/wp\/v2\/product"}],"about":[{"href":"https:\/\/www.biogatrana.com\/en\/wp-json\/wp\/v2\/types\/product"}],"replies":[{"embeddable":true,"href":"https:\/\/www.biogatrana.com\/en\/wp-json\/wp\/v2\/comments?post=4296"}],"version-history":[{"count":3,"href":"https:\/\/www.biogatrana.com\/en\/wp-json\/wp\/v2\/product\/4296\/revisions"}],"predecessor-version":[{"id":4307,"href":"https:\/\/www.biogatrana.com\/en\/wp-json\/wp\/v2\/product\/4296\/revisions\/4307"}],"wp:featuredmedia":[{"embeddable":true,"href":"https:\/\/www.biogatrana.com\/en\/wp-json\/wp\/v2\/media\/4297"}],"wp:attachment":[{"href":"https:\/\/www.biogatrana.com\/en\/wp-json\/wp\/v2\/media?parent=4296"}],"wp:term":[{"taxonomy":"product_brand","embeddable":true,"href":"https:\/\/www.biogatrana.com\/en\/wp-json\/wp\/v2\/product_brand?post=4296"},{"taxonomy":"product_cat","embeddable":true,"href":"https:\/\/www.biogatrana.com\/en\/wp-json\/wp\/v2\/product_cat?post=4296"},{"taxonomy":"product_tag","embeddable":true,"href":"https:\/\/www.biogatrana.com\/en\/wp-json\/wp\/v2\/product_tag?post=4296"}],"curies":[{"name":"wp","href":"https:\/\/api.w.org\/{rel}","templated":true}]}}