{"id":4300,"date":"2026-04-02T17:25:04","date_gmt":"2026-04-02T15:25:04","guid":{"rendered":"https:\/\/www.biogatrana.com\/?post_type=product&#038;p=4300"},"modified":"2026-04-02T17:25:04","modified_gmt":"2026-04-02T15:25:04","slug":"mincitop-60-gels","status":"publish","type":"product","link":"https:\/\/www.biogatrana.com\/en\/nos-produits\/reproduction-et-fertilite\/mincitop-60-gels\/","title":{"rendered":"Mincitop (60 gels)"},"content":{"rendered":"<p>Bienfaits<br \/>\n&#8211; Active le m\u00e9tabolisme \u00e9nerg\u00e9tique<br \/>\n&#8211; Favorise la combustion des graisses (thermogen\u00e8se)<br \/>\n&#8211; Aide \u00e0 la perte de poids<br \/>\n&#8211; Am\u00e9liore l\u2019\u00e9nergie et la concentration<br \/>\n&#8211; Effet antioxydant<\/p>\n<p>Composition (par g\u00e9lule)<br \/>\nExtrait de th\u00e9 vert (Camellia sinensis) : 300 mg<br \/>\nExtrait de guarana (Paullinia cupana) : 150 mg<\/p>\n<p>Composition pour 2 g\u00e9lules :<br \/>\nTh\u00e9 vert : 600 mg<br \/>\nGuarana : 300 mg<\/p>\n<p>Boite de 60 g\u00e9lules<\/p>\n<p>Conseils d\u2019utilisation<br \/>\nPrendre 2 g\u00e9lules par jour :<br \/>\n&#8211; 1 g\u00e9lule le matin<br \/>\n&#8211; 1 g\u00e9lule en d\u00e9but d\u2019apr\u00e8s-midi<br \/>\nAvec un grand verre d\u2019eau.<br \/>\nDur\u00e9e : 1 \u00e0 3 mois<\/p>\n<p>. Origine et histoire des ingr\u00e9dients<br \/>\nLe th\u00e9 vert est utilis\u00e9 depuis des mill\u00e9naires en m\u00e9decine traditionnelle chinoise pour ses effets antioxydants et m\u00e9taboliques.<br \/>\nLe guarana est une plante amazonienne traditionnellement utilis\u00e9e pour stimuler l\u2019\u00e9nergie et am\u00e9liorer la vigilance.<\/p>\n<p>Contre-indications<br \/>\n&#8211; Femmes enceintes ou allaitantes<br \/>\n&#8211; Enfants et adolescents<br \/>\n&#8211; Personnes sensibles \u00e0 la caf\u00e9ine<br \/>\n&#8211; Troubles cardiovasculaires<\/p>\n<p>Pr\u00e9cautions d\u2019emploi<br \/>\n&#8211; Ne pas d\u00e9passer la dose recommand\u00e9e<br \/>\n&#8211; \u00c9viter la prise le soir<br \/>\n&#8211; Demander un avis m\u00e9dical en cas de traitement<\/p>\n<p>Conservation<br \/>\nConserver dans un endroit sec, \u00e0 l\u2019abri de la chaleur et de la lumi\u00e8re.<br \/>\nTenir hors de port\u00e9e des enfants.<\/p>\n\n    <div class=\"xs_social_share_widget xs_share_url after_content \t\tmain_content  wslu-style-1 wslu-share-box-shaped wslu-fill-colored wslu-none wslu-share-horizontal wslu-theme-font-no wslu-main_content\">\n\n\t\t\n        <ul>\n\t\t\t        <\/ul>\n    <\/div>","protected":false},"excerpt":{"rendered":"<p>Mincitop, boite de 60 gelules<br \/>\n&#8211; Active le m\u00e9tabolisme \u00e9nerg\u00e9tique<br \/>\n&#8211; Favorise la combustion des graisses (thermogen\u00e8se)<br \/>\n&#8211; Aide \u00e0 la perte de poids<br \/>\n&#8211; Am\u00e9liore l\u2019\u00e9nergie et la concentration<br \/>\n&#8211; Effet antioxydant<\/p>\n<p>Conseils d\u2019utilisation<br \/>\nPrendre 2 g\u00e9lules par jour :<br \/>\n&#8211; 1 g\u00e9lule le matin<br \/>\n&#8211; 1 g\u00e9lule en d\u00e9but d\u2019apr\u00e8s-midi<br \/>\nAvec un grand verre d\u2019eau.<br \/>\nDur\u00e9e : 1 \u00e0 3 mois<\/p>","protected":false},"featured_media":4301,"menu_order":0,"comment_status":"open","ping_status":"closed","template":"","meta":{"om_disable_all_campaigns":false,"_monsterinsights_skip_tracking":false,"_monsterinsights_sitenote_active":false,"_monsterinsights_sitenote_note":"","_monsterinsights_sitenote_category":0,"postBodyCss":"","postBodyMargin":[],"postBodyPadding":[],"postBodyBackground":{"backgroundType":"classic","gradient":""},"_themeisle_gutenberg_block_has_review":false},"product_brand":[],"product_cat":[16],"product_tag":[],"class_list":{"0":"post-4300","1":"product","2":"type-product","3":"status-publish","4":"has-post-thumbnail","6":"product_cat-reproduction-et-fertilite","8":"first","9":"instock","10":"taxable","11":"shipping-taxable","12":"purchasable","13":"product-type-simple"},"aioseo_notices":[],"_links":{"self":[{"href":"https:\/\/www.biogatrana.com\/en\/wp-json\/wp\/v2\/product\/4300","targetHints":{"allow":["GET"]}}],"collection":[{"href":"https:\/\/www.biogatrana.com\/en\/wp-json\/wp\/v2\/product"}],"about":[{"href":"https:\/\/www.biogatrana.com\/en\/wp-json\/wp\/v2\/types\/product"}],"replies":[{"embeddable":true,"href":"https:\/\/www.biogatrana.com\/en\/wp-json\/wp\/v2\/comments?post=4300"}],"version-history":[{"count":1,"href":"https:\/\/www.biogatrana.com\/en\/wp-json\/wp\/v2\/product\/4300\/revisions"}],"predecessor-version":[{"id":4302,"href":"https:\/\/www.biogatrana.com\/en\/wp-json\/wp\/v2\/product\/4300\/revisions\/4302"}],"wp:featuredmedia":[{"embeddable":true,"href":"https:\/\/www.biogatrana.com\/en\/wp-json\/wp\/v2\/media\/4301"}],"wp:attachment":[{"href":"https:\/\/www.biogatrana.com\/en\/wp-json\/wp\/v2\/media?parent=4300"}],"wp:term":[{"taxonomy":"product_brand","embeddable":true,"href":"https:\/\/www.biogatrana.com\/en\/wp-json\/wp\/v2\/product_brand?post=4300"},{"taxonomy":"product_cat","embeddable":true,"href":"https:\/\/www.biogatrana.com\/en\/wp-json\/wp\/v2\/product_cat?post=4300"},{"taxonomy":"product_tag","embeddable":true,"href":"https:\/\/www.biogatrana.com\/en\/wp-json\/wp\/v2\/product_tag?post=4300"}],"curies":[{"name":"wp","href":"https:\/\/api.w.org\/{rel}","templated":true}]}}